{"id":3,"date":"2022-04-12T04:29:22","date_gmt":"2022-04-12T04:29:22","guid":{"rendered":"https:\/\/canform.fi\/?page_id=3"},"modified":"2022-04-21T10:21:44","modified_gmt":"2022-04-21T10:21:44","slug":"tietosuojaseloste","status":"publish","type":"page","link":"https:\/\/canform.fi\/en\/tietosuojaseloste\/","title":{"rendered":"Privacy Policy"},"content":{"rendered":"<div data-elementor-type=\"wp-page\" data-elementor-id=\"3\" class=\"elementor elementor-3\">\n\t\t\t\t\t\t\t\t\t<section class=\"elementor-section elementor-top-section elementor-element elementor-element-b2184a9 elementor-section-boxed elementor-section-height-default elementor-section-height-default\" data-id=\"b2184a9\" data-element_type=\"section\" data-settings=\"{&quot;background_background&quot;:&quot;classic&quot;}\">\n\t\t\t\t\t\t<div class=\"elementor-container elementor-column-gap-extended\">\n\t\t\t\t\t<div class=\"elementor-column elementor-col-100 elementor-top-column elementor-element elementor-element-cded33f\" data-id=\"cded33f\" data-element_type=\"column\">\n\t\t\t<div class=\"elementor-widget-wrap elementor-element-populated\">\n\t\t\t\t\t\t\t\t<div class=\"elementor-element elementor-element-22a1867 elementor-align-center elementor-widget elementor-widget-breadcrumbs\" data-id=\"22a1867\" data-element_type=\"widget\" data-widget_type=\"breadcrumbs.default\">\n\t\t\t\t<div class=\"elementor-widget-container\">\n\t\t\t<link rel=\"stylesheet\" href=\"https:\/\/canform.fi\/wp-content\/plugins\/elementor-pro\/assets\/css\/widget-theme-elements.min.css\"><div id=\"breadcrumbs\"><span><span><a href=\"https:\/\/canform.fi\/en\/\">Canform<\/a><\/span><\/span><\/div>\t\t<\/div>\n\t\t\t\t<\/div>\n\t\t\t\t\t<\/div>\n\t\t<\/div>\n\t\t\t\t\t\t\t<\/div>\n\t\t<\/section>\n\t\t\t\t<section class=\"elementor-section elementor-top-section elementor-element elementor-element-7721029 elementor-section-boxed elementor-section-height-default elementor-section-height-default\" data-id=\"7721029\" data-element_type=\"section\">\n\t\t\t\t\t\t<div class=\"elementor-container elementor-column-gap-extended\">\n\t\t\t\t\t<div class=\"elementor-column elementor-col-100 elementor-top-column elementor-element elementor-element-71801df\" data-id=\"71801df\" data-element_type=\"column\">\n\t\t\t<div class=\"elementor-widget-wrap elementor-element-populated\">\n\t\t\t\t\t\t\t\t<div class=\"elementor-element elementor-element-491bf68 elementor-widget elementor-widget-text-editor\" data-id=\"491bf68\" data-element_type=\"widget\" data-widget_type=\"text-editor.default\">\n\t\t\t\t<div class=\"elementor-widget-container\">\n\t\t\t<style>\/*! elementor - v3.13.3 - 28-05-2023 *\/\n.elementor-widget-text-editor.elementor-drop-cap-view-stacked .elementor-drop-cap{background-color:#69727d;color:#fff}.elementor-widget-text-editor.elementor-drop-cap-view-framed .elementor-drop-cap{color:#69727d;border:3px solid;background-color:transparent}.elementor-widget-text-editor:not(.elementor-drop-cap-view-default) .elementor-drop-cap{margin-top:8px}.elementor-widget-text-editor:not(.elementor-drop-cap-view-default) .elementor-drop-cap-letter{width:1em;height:1em}.elementor-widget-text-editor .elementor-drop-cap{float:left;text-align:center;line-height:1;font-size:50px}.elementor-widget-text-editor .elementor-drop-cap-letter{display:inline-block}<\/style>\t\t\t\t<p>Orivesen Account and Real Estate Service LKV<\/p>\t\t\t\t\t\t<\/div>\n\t\t\t\t<\/div>\n\t\t\t\t<div class=\"elementor-element elementor-element-4bf0b00 elementor-widget elementor-widget-text-editor\" data-id=\"4bf0b00\" data-element_type=\"widget\" data-widget_type=\"text-editor.default\">\n\t\t\t\t<div class=\"elementor-widget-container\">\n\t\t\t\t\t\t\t<p>This is the Registry and Privacy Statement of the Company under the EU General Data Protection Regulation (GDPR). Prepared dd.mm.yyyy. Last change dd.mm.yyyy.<\/p>\t\t\t\t\t\t<\/div>\n\t\t\t\t<\/div>\n\t\t\t\t<section class=\"elementor-section elementor-inner-section elementor-element elementor-element-fdcc8ec shadowSmall elementor-section-boxed elementor-section-height-default elementor-section-height-default\" data-id=\"fdcc8ec\" data-element_type=\"section\" data-settings=\"{&quot;background_background&quot;:&quot;classic&quot;}\">\n\t\t\t\t\t\t<div class=\"elementor-container elementor-column-gap-no\">\n\t\t\t\t\t<div class=\"elementor-column elementor-col-100 elementor-inner-column elementor-element elementor-element-a8bbbd5\" data-id=\"a8bbbd5\" data-element_type=\"column\">\n\t\t\t<div class=\"elementor-widget-wrap elementor-element-populated\">\n\t\t\t\t\t\t\t\t<div class=\"elementor-element elementor-element-0e4dedf elementor-widget elementor-widget-heading\" data-id=\"0e4dedf\" data-element_type=\"widget\" data-widget_type=\"heading.default\">\n\t\t\t\t<div class=\"elementor-widget-container\">\n\t\t\t<style>\/*! elementor - v3.13.3 - 28-05-2023 *\/\n.elementor-heading-title{padding:0;margin:0;line-height:1}.elementor-widget-heading .elementor-heading-title[class*=elementor-size-]>a{color:inherit;font-size:inherit;line-height:inherit}.elementor-widget-heading .elementor-heading-title.elementor-size-small{font-size:15px}.elementor-widget-heading .elementor-heading-title.elementor-size-medium{font-size:19px}.elementor-widget-heading .elementor-heading-title.elementor-size-large{font-size:29px}.elementor-widget-heading .elementor-heading-title.elementor-size-xl{font-size:39px}.elementor-widget-heading .elementor-heading-title.elementor-size-xxl{font-size:59px}<\/style><h5 class=\"elementor-heading-title elementor-size-default\">1. The controller<\/h5>\t\t<\/div>\n\t\t\t\t<\/div>\n\t\t\t\t<div class=\"elementor-element elementor-element-b0c2f99 elementor-widget elementor-widget-text-editor\" data-id=\"b0c2f99\" data-element_type=\"widget\" data-widget_type=\"text-editor.default\">\n\t\t\t\t<div class=\"elementor-widget-container\">\n\t\t\t\t\t\t\t<p>Company, Address, 01234 Post office<br \/>Other contact information<\/p>\t\t\t\t\t\t<\/div>\n\t\t\t\t<\/div>\n\t\t\t\t<div class=\"elementor-element elementor-element-a7309f0 elementor-widget elementor-widget-heading\" data-id=\"a7309f0\" data-element_type=\"widget\" data-widget_type=\"heading.default\">\n\t\t\t\t<div class=\"elementor-widget-container\">\n\t\t\t<h5 class=\"elementor-heading-title elementor-size-default\">2. Contact person responsible for the register<\/h5>\t\t<\/div>\n\t\t\t\t<\/div>\n\t\t\t\t<div class=\"elementor-element elementor-element-c0ea9c4 elementor-widget elementor-widget-text-editor\" data-id=\"c0ea9c4\" data-element_type=\"widget\" data-widget_type=\"text-editor.default\">\n\t\t\t\t<div class=\"elementor-widget-container\">\n\t\t\t\t\t\t\t<p>First name Last name, e-mail, phone number<\/p>\n<p>If your organization has a data protection officer, enter at least his or her contact information here. Otherwise any contact.<\/p>\t\t\t\t\t\t<\/div>\n\t\t\t\t<\/div>\n\t\t\t\t<div class=\"elementor-element elementor-element-98b54ae elementor-widget elementor-widget-heading\" data-id=\"98b54ae\" data-element_type=\"widget\" data-widget_type=\"heading.default\">\n\t\t\t\t<div class=\"elementor-widget-container\">\n\t\t\t<h5 class=\"elementor-heading-title elementor-size-default\">3. The name of the registry<\/h5>\t\t<\/div>\n\t\t\t\t<\/div>\n\t\t\t\t<div class=\"elementor-element elementor-element-85c1b06 elementor-widget elementor-widget-text-editor\" data-id=\"85c1b06\" data-element_type=\"widget\" data-widget_type=\"text-editor.default\">\n\t\t\t\t<div class=\"elementor-widget-container\">\n\t\t\t\t\t\t\t<p>The company's customer register, marketing register, stakeholder register, online service user register, member register, employee register, etc.<\/p>\t\t\t\t\t\t<\/div>\n\t\t\t\t<\/div>\n\t\t\t\t<div class=\"elementor-element elementor-element-7fce0e4 elementor-widget elementor-widget-heading\" data-id=\"7fce0e4\" data-element_type=\"widget\" data-widget_type=\"heading.default\">\n\t\t\t\t<div class=\"elementor-widget-container\">\n\t\t\t<h5 class=\"elementor-heading-title elementor-size-default\">4. Legal basis and purpose of the processing of personal data<\/h5>\t\t<\/div>\n\t\t\t\t<\/div>\n\t\t\t\t<div class=\"elementor-element elementor-element-cced18c elementor-widget elementor-widget-text-editor\" data-id=\"cced18c\" data-element_type=\"widget\" data-widget_type=\"text-editor.default\">\n\t\t\t\t<div class=\"elementor-widget-container\">\n\t\t\t\t\t\t\t<p>The legal basis for the processing of personal data under the EU General Data Protection Regulation is<br \/>- consent of the person (documented, voluntary, individualized, informed and unambiguous)<br \/>- a contract to which the data subject is a party<br \/>- law (what)<br \/>\u2013 The performance of a public task (on which it is based), or<br \/>- the legitimate interest of the controller (eg pre-contractual customer relationship, employment relationship, membership).<\/p>\n<p>The purpose of processing personal data is to communicate with customers, maintain a customer relationship, marketing, etc.<\/p>\n<p>The data is not used for automated decision making or profiling.\u00a0<\/p>\t\t\t\t\t\t<\/div>\n\t\t\t\t<\/div>\n\t\t\t\t<div class=\"elementor-element elementor-element-74063ef elementor-widget elementor-widget-heading\" data-id=\"74063ef\" data-element_type=\"widget\" data-widget_type=\"heading.default\">\n\t\t\t\t<div class=\"elementor-widget-container\">\n\t\t\t<h5 class=\"elementor-heading-title elementor-size-default\">5. Information content of the register<\/h5>\t\t<\/div>\n\t\t\t\t<\/div>\n\t\t\t\t<div class=\"elementor-element elementor-element-47ce7ef elementor-widget elementor-widget-text-editor\" data-id=\"47ce7ef\" data-element_type=\"widget\" data-widget_type=\"text-editor.default\">\n\t\t\t\t<div class=\"elementor-widget-container\">\n\t\t\t\t\t\t\t<p>The information stored in the register is: person's name, position, company \/ organization, contact information (phone number, e-mail address, address), website addresses, IP address of the network connection, IDs \/ profiles in social media services, information about subscribed services and their changes, billing information, other information related to the customer relationship and the services ordered.<\/p>\n<p>If there are several groups of registrants (eg customer register and marketing register), list them and their main content.<\/p>\n<p>If possible, also indicate the data retention period here. Also tell if, for example, the data will be anonymized after a certain period of time.<\/p>\n<p>The IP addresses of the visitors of the website and the cookies necessary for the functions of the service are processed on the basis of a legitimate interest, e.g. to ensure data security and to collect statistics about visitors to the Site in cases where they may be considered personal data. If necessary, the consent of third-party cookies will be requested separately.<\/p>\t\t\t\t\t\t<\/div>\n\t\t\t\t<\/div>\n\t\t\t\t<div class=\"elementor-element elementor-element-4a9a1d3 elementor-widget elementor-widget-heading\" data-id=\"4a9a1d3\" data-element_type=\"widget\" data-widget_type=\"heading.default\">\n\t\t\t\t<div class=\"elementor-widget-container\">\n\t\t\t<h5 class=\"elementor-heading-title elementor-size-default\">6. Regular sources of information<\/h5>\t\t<\/div>\n\t\t\t\t<\/div>\n\t\t\t\t<div class=\"elementor-element elementor-element-8d13438 elementor-widget elementor-widget-text-editor\" data-id=\"8d13438\" data-element_type=\"widget\" data-widget_type=\"text-editor.default\">\n\t\t\t\t<div class=\"elementor-widget-container\">\n\t\t\t\t\t\t\t<p>The information stored in the register is obtained from the customer e.g. Messages sent via web forms, e-mail, telephone, via social media services, contracts, customer meetings and other situations in which the customer discloses their information.<\/p>\n<p>Contact information for companies and other organizations can also be collected from public sources such as websites, directory services, and other companies.<\/p>\t\t\t\t\t\t<\/div>\n\t\t\t\t<\/div>\n\t\t\t\t<div class=\"elementor-element elementor-element-9ea604c elementor-widget elementor-widget-heading\" data-id=\"9ea604c\" data-element_type=\"widget\" data-widget_type=\"heading.default\">\n\t\t\t\t<div class=\"elementor-widget-container\">\n\t\t\t<h5 class=\"elementor-heading-title elementor-size-default\">7. Regular transfers of data and transfers of data outside the EU or the EEA<\/h5>\t\t<\/div>\n\t\t\t\t<\/div>\n\t\t\t\t<div class=\"elementor-element elementor-element-439eca0 elementor-widget elementor-widget-text-editor\" data-id=\"439eca0\" data-element_type=\"widget\" data-widget_type=\"text-editor.default\">\n\t\t\t\t<div class=\"elementor-widget-container\">\n\t\t\t\t\t\t\t<p>The information is not regularly disclosed to other parties. The information may be published to the extent agreed with the customer.<\/p>\n<p>The data may also be transferred by the controller outside the EU or the EEA. Data will not be transferred to the United States without the express consent of the data subjects.<\/p>\n<p>If you transfer personal data to different parties, please indicate here the potential recipients or groups of recipients (including processors \/ subcontractors), the purposes for which the personal data will be processed and the reasons for the transfer if the data is transferred outside the EU.<\/p>\t\t\t\t\t\t<\/div>\n\t\t\t\t<\/div>\n\t\t\t\t<div class=\"elementor-element elementor-element-095616b elementor-widget elementor-widget-heading\" data-id=\"095616b\" data-element_type=\"widget\" data-widget_type=\"heading.default\">\n\t\t\t\t<div class=\"elementor-widget-container\">\n\t\t\t<h5 class=\"elementor-heading-title elementor-size-default\">8. Registry Security Principles<\/h5>\t\t<\/div>\n\t\t\t\t<\/div>\n\t\t\t\t<div class=\"elementor-element elementor-element-c1139d2 elementor-widget elementor-widget-text-editor\" data-id=\"c1139d2\" data-element_type=\"widget\" data-widget_type=\"text-editor.default\">\n\t\t\t\t<div class=\"elementor-widget-container\">\n\t\t\t\t\t\t\t<p>The register shall be handled with due care and the data processed by the information systems shall be adequately protected. When registry data is stored on Internet servers, the physical and digital security of their hardware is adequately addressed. The controller shall ensure that the data stored, as well as the access rights to the servers and other information critical to the security of personal data, are treated confidentially and only by the employees whose job description it belongs to.<\/p>\t\t\t\t\t\t<\/div>\n\t\t\t\t<\/div>\n\t\t\t\t<div class=\"elementor-element elementor-element-dbb94d0 elementor-widget elementor-widget-heading\" data-id=\"dbb94d0\" data-element_type=\"widget\" data-widget_type=\"heading.default\">\n\t\t\t\t<div class=\"elementor-widget-container\">\n\t\t\t<h5 class=\"elementor-heading-title elementor-size-default\">9. Right of inspection and right to request rectification of information<\/h5>\t\t<\/div>\n\t\t\t\t<\/div>\n\t\t\t\t<div class=\"elementor-element elementor-element-8554097 elementor-widget elementor-widget-text-editor\" data-id=\"8554097\" data-element_type=\"widget\" data-widget_type=\"text-editor.default\">\n\t\t\t\t<div class=\"elementor-widget-container\">\n\t\t\t\t\t\t\t<p>Every person in the register has the right to check the information stored in the register and to request the correction of any incorrect information or the completion of incomplete information. If a person wishes to check or request the rectification of data stored about him or her, the request must be sent in writing to the data controller. If necessary, the controller may ask the applicant to prove his or her identity. The controller will respond to the customer within the time limit set by the EU Data Protection Regulation (generally within one month).<\/p>\t\t\t\t\t\t<\/div>\n\t\t\t\t<\/div>\n\t\t\t\t<div class=\"elementor-element elementor-element-333a827 elementor-widget elementor-widget-heading\" data-id=\"333a827\" data-element_type=\"widget\" data-widget_type=\"heading.default\">\n\t\t\t\t<div class=\"elementor-widget-container\">\n\t\t\t<h5 class=\"elementor-heading-title elementor-size-default\">10. Other rights related to the processing of personal data<\/h5>\t\t<\/div>\n\t\t\t\t<\/div>\n\t\t\t\t<div class=\"elementor-element elementor-element-6b2aad2 elementor-widget elementor-widget-text-editor\" data-id=\"6b2aad2\" data-element_type=\"widget\" data-widget_type=\"text-editor.default\">\n\t\t\t\t<div class=\"elementor-widget-container\">\n\t\t\t\t\t\t\t<p>A person in the register has the right to request the removal of his or her personal data from the register (\u201cright to be forgotten\u201d). Likewise, registrants have others\u00a0<a href=\"http:\/\/eur-lex.europa.eu\/legal-content\/FI\/TXT\/?uri=CELEX%3A32016R0679#d1e2144-1-1\">Rights under the EU General Data Protection Regulation<\/a>\u00a0such as restricting the processing of personal data in certain situations. Requests must be sent in writing to the controller. If necessary, the controller may ask the applicant to prove his or her identity. The controller will respond to the customer within the time limit set by the EU Data Protection Regulation (generally within one month).<\/p>\t\t\t\t\t\t<\/div>\n\t\t\t\t<\/div>\n\t\t\t\t\t<\/div>\n\t\t<\/div>\n\t\t\t\t\t\t\t<\/div>\n\t\t<\/section>\n\t\t\t\t\t<\/div>\n\t\t<\/div>\n\t\t\t\t\t\t\t<\/div>\n\t\t<\/section>\n\t\t\t\t\t\t\t<\/div>","protected":false},"excerpt":{"rendered":"<p>Oriveden Tili- ja Kiinteist\u00f6palvelu LKV T\u00e4m\u00e4 on\u00a0Yrityksen\u00a0EU:n yleisen tietosuoja-asetuksen (GDPR) mukainen rekisteri- ja tietosuojaseloste. Laadittu\u00a0pp.kk.vvvv. Viimeisin muutos\u00a0pp.kk.vvvv. 1. Rekisterinpit\u00e4j\u00e4 Yritys, Osoite, 01234 PostitoimipaikkaMuut yhteystiedot 2. Rekisterist\u00e4 vastaava yhteyshenkil\u00f6 Etunimi Sukunimi, s\u00e4hk\u00f6posti, puhelinnumero Jos organisaatiossasi on tietosuojavastaava, kirjaa t\u00e4h\u00e4n v\u00e4hint\u00e4\u00e4n h\u00e4nen yhteystietonsa. Muutoin kuka tahansa yhteyshenkil\u00f6. 3. Rekisterin nimi Yrityksen asiakasrekisteri, markkinointirekisteri, sidosryhm\u00e4rekisteri, verkkopalvelun k\u00e4ytt\u00e4j\u00e4rekisteri, j\u00e4senrekisteri, [&hellip;]<\/p>","protected":false},"author":1,"featured_media":0,"parent":0,"menu_order":0,"comment_status":"closed","ping_status":"closed","template":"","meta":{"footnotes":""},"class_list":["post-3","page","type-page","status-publish","hentry"],"yoast_head":"<!-- This site is optimized with the Yoast SEO plugin v20.8 - https:\/\/yoast.com\/wordpress\/plugins\/seo\/ -->\n<title>Tietosuojaseloste - Canform<\/title>\n<meta name=\"robots\" content=\"index, follow, max-snippet:-1, max-image-preview:large, max-video-preview:-1\" \/>\n<link rel=\"canonical\" href=\"https:\/\/canform.fi\/en\/tietosuojaseloste\/\" \/>\n<meta property=\"og:locale\" content=\"en_US\" \/>\n<meta property=\"og:type\" content=\"article\" \/>\n<meta property=\"og:title\" content=\"Tietosuojaseloste - Canform\" \/>\n<meta property=\"og:description\" content=\"Oriveden Tili- ja Kiinteist\u00f6palvelu LKV T\u00e4m\u00e4 on\u00a0Yrityksen\u00a0EU:n yleisen tietosuoja-asetuksen (GDPR) mukainen rekisteri- ja tietosuojaseloste. Laadittu\u00a0pp.kk.vvvv. Viimeisin muutos\u00a0pp.kk.vvvv. 1. Rekisterinpit\u00e4j\u00e4 Yritys, Osoite, 01234 PostitoimipaikkaMuut yhteystiedot 2. Rekisterist\u00e4 vastaava yhteyshenkil\u00f6 Etunimi Sukunimi, s\u00e4hk\u00f6posti, puhelinnumero Jos organisaatiossasi on tietosuojavastaava, kirjaa t\u00e4h\u00e4n v\u00e4hint\u00e4\u00e4n h\u00e4nen yhteystietonsa. Muutoin kuka tahansa yhteyshenkil\u00f6. 3. Rekisterin nimi Yrityksen asiakasrekisteri, markkinointirekisteri, sidosryhm\u00e4rekisteri, verkkopalvelun k\u00e4ytt\u00e4j\u00e4rekisteri, j\u00e4senrekisteri, [&hellip;]\" \/>\n<meta property=\"og:url\" content=\"https:\/\/canform.fi\/en\/tietosuojaseloste\/\" \/>\n<meta property=\"og:site_name\" content=\"Canform\" \/>\n<meta property=\"article:modified_time\" content=\"2022-04-21T10:21:44+00:00\" \/>\n<meta name=\"twitter:card\" content=\"summary_large_image\" \/>\n<meta name=\"twitter:label1\" content=\"Est. reading time\" \/>\n\t<meta name=\"twitter:data1\" content=\"3 minutes\" \/>\n<script type=\"application\/ld+json\" class=\"yoast-schema-graph\">{\"@context\":\"https:\/\/schema.org\",\"@graph\":[{\"@type\":\"WebPage\",\"@id\":\"https:\/\/canform.fi\/tietosuojaseloste\/\",\"url\":\"https:\/\/canform.fi\/tietosuojaseloste\/\",\"name\":\"Tietosuojaseloste - Canform\",\"isPartOf\":{\"@id\":\"https:\/\/canform.fi\/#website\"},\"datePublished\":\"2022-04-12T04:29:22+00:00\",\"dateModified\":\"2022-04-21T10:21:44+00:00\",\"breadcrumb\":{\"@id\":\"https:\/\/canform.fi\/tietosuojaseloste\/#breadcrumb\"},\"inLanguage\":\"en-US\",\"potentialAction\":[{\"@type\":\"ReadAction\",\"target\":[\"https:\/\/canform.fi\/tietosuojaseloste\/\"]}]},{\"@type\":\"BreadcrumbList\",\"@id\":\"https:\/\/canform.fi\/tietosuojaseloste\/#breadcrumb\",\"itemListElement\":[{\"@type\":\"ListItem\",\"position\":1,\"name\":\"Canform\",\"item\":\"https:\/\/canform.fi\/\"},{\"@type\":\"ListItem\",\"position\":2,\"name\":\"Tietosuojaseloste\"}]},{\"@type\":\"WebSite\",\"@id\":\"https:\/\/canform.fi\/#website\",\"url\":\"https:\/\/canform.fi\/\",\"name\":\"Canform\",\"description\":\"\",\"publisher\":{\"@id\":\"https:\/\/canform.fi\/#organization\"},\"potentialAction\":[{\"@type\":\"SearchAction\",\"target\":{\"@type\":\"EntryPoint\",\"urlTemplate\":\"https:\/\/canform.fi\/?s={search_term_string}\"},\"query-input\":\"required name=search_term_string\"}],\"inLanguage\":\"en-US\"},{\"@type\":\"Organization\",\"@id\":\"https:\/\/canform.fi\/#organization\",\"name\":\"Canform\",\"url\":\"https:\/\/canform.fi\/\",\"logo\":{\"@type\":\"ImageObject\",\"inLanguage\":\"en-US\",\"@id\":\"https:\/\/canform.fi\/#\/schema\/logo\/image\/\",\"url\":\"https:\/\/canform.fi\/wp-content\/uploads\/2022\/04\/logo.png\",\"contentUrl\":\"https:\/\/canform.fi\/wp-content\/uploads\/2022\/04\/logo.png\",\"width\":172,\"height\":32,\"caption\":\"Canform\"},\"image\":{\"@id\":\"https:\/\/canform.fi\/#\/schema\/logo\/image\/\"}}]}<\/script>\n<!-- \/ Yoast SEO plugin. -->","yoast_head_json":{"title":"Tietosuojaseloste - Canform","robots":{"index":"index","follow":"follow","max-snippet":"max-snippet:-1","max-image-preview":"max-image-preview:large","max-video-preview":"max-video-preview:-1"},"canonical":"https:\/\/canform.fi\/en\/tietosuojaseloste\/","og_locale":"en_US","og_type":"article","og_title":"Tietosuojaseloste - Canform","og_description":"Oriveden Tili- ja Kiinteist\u00f6palvelu LKV T\u00e4m\u00e4 on\u00a0Yrityksen\u00a0EU:n yleisen tietosuoja-asetuksen (GDPR) mukainen rekisteri- ja tietosuojaseloste. Laadittu\u00a0pp.kk.vvvv. Viimeisin muutos\u00a0pp.kk.vvvv. 1. Rekisterinpit\u00e4j\u00e4 Yritys, Osoite, 01234 PostitoimipaikkaMuut yhteystiedot 2. Rekisterist\u00e4 vastaava yhteyshenkil\u00f6 Etunimi Sukunimi, s\u00e4hk\u00f6posti, puhelinnumero Jos organisaatiossasi on tietosuojavastaava, kirjaa t\u00e4h\u00e4n v\u00e4hint\u00e4\u00e4n h\u00e4nen yhteystietonsa. Muutoin kuka tahansa yhteyshenkil\u00f6. 3. Rekisterin nimi Yrityksen asiakasrekisteri, markkinointirekisteri, sidosryhm\u00e4rekisteri, verkkopalvelun k\u00e4ytt\u00e4j\u00e4rekisteri, j\u00e4senrekisteri, [&hellip;]","og_url":"https:\/\/canform.fi\/en\/tietosuojaseloste\/","og_site_name":"Canform","article_modified_time":"2022-04-21T10:21:44+00:00","twitter_card":"summary_large_image","twitter_misc":{"Est. reading time":"3 minutes"},"schema":{"@context":"https:\/\/schema.org","@graph":[{"@type":"WebPage","@id":"https:\/\/canform.fi\/tietosuojaseloste\/","url":"https:\/\/canform.fi\/tietosuojaseloste\/","name":"Tietosuojaseloste - Canform","isPartOf":{"@id":"https:\/\/canform.fi\/#website"},"datePublished":"2022-04-12T04:29:22+00:00","dateModified":"2022-04-21T10:21:44+00:00","breadcrumb":{"@id":"https:\/\/canform.fi\/tietosuojaseloste\/#breadcrumb"},"inLanguage":"en-US","potentialAction":[{"@type":"ReadAction","target":["https:\/\/canform.fi\/tietosuojaseloste\/"]}]},{"@type":"BreadcrumbList","@id":"https:\/\/canform.fi\/tietosuojaseloste\/#breadcrumb","itemListElement":[{"@type":"ListItem","position":1,"name":"Canform","item":"https:\/\/canform.fi\/"},{"@type":"ListItem","position":2,"name":"Tietosuojaseloste"}]},{"@type":"WebSite","@id":"https:\/\/canform.fi\/#website","url":"https:\/\/canform.fi\/","name":"Canform","description":"","publisher":{"@id":"https:\/\/canform.fi\/#organization"},"potentialAction":[{"@type":"SearchAction","target":{"@type":"EntryPoint","urlTemplate":"https:\/\/canform.fi\/?s={search_term_string}"},"query-input":"required name=search_term_string"}],"inLanguage":"en-US"},{"@type":"Organization","@id":"https:\/\/canform.fi\/#organization","name":"Canform","url":"https:\/\/canform.fi\/","logo":{"@type":"ImageObject","inLanguage":"en-US","@id":"https:\/\/canform.fi\/#\/schema\/logo\/image\/","url":"https:\/\/canform.fi\/wp-content\/uploads\/2022\/04\/logo.png","contentUrl":"https:\/\/canform.fi\/wp-content\/uploads\/2022\/04\/logo.png","width":172,"height":32,"caption":"Canform"},"image":{"@id":"https:\/\/canform.fi\/#\/schema\/logo\/image\/"}}]}},"_links":{"self":[{"href":"https:\/\/canform.fi\/en\/wp-json\/wp\/v2\/pages\/3","targetHints":{"allow":["GET"]}}],"collection":[{"href":"https:\/\/canform.fi\/en\/wp-json\/wp\/v2\/pages"}],"about":[{"href":"https:\/\/canform.fi\/en\/wp-json\/wp\/v2\/types\/page"}],"author":[{"embeddable":true,"href":"https:\/\/canform.fi\/en\/wp-json\/wp\/v2\/users\/1"}],"replies":[{"embeddable":true,"href":"https:\/\/canform.fi\/en\/wp-json\/wp\/v2\/comments?post=3"}],"version-history":[{"count":10,"href":"https:\/\/canform.fi\/en\/wp-json\/wp\/v2\/pages\/3\/revisions"}],"predecessor-version":[{"id":463,"href":"https:\/\/canform.fi\/en\/wp-json\/wp\/v2\/pages\/3\/revisions\/463"}],"wp:attachment":[{"href":"https:\/\/canform.fi\/en\/wp-json\/wp\/v2\/media?parent=3"}],"curies":[{"name":"wp","href":"https:\/\/api.w.org\/{rel}","templated":true}]}}