{"id":25,"date":"2022-04-12T04:48:00","date_gmt":"2022-04-12T04:48:00","guid":{"rendered":"https:\/\/canform.fi\/?page_id=25"},"modified":"2022-04-21T06:15:39","modified_gmt":"2022-04-21T06:15:39","slug":"kestava-kehitys","status":"publish","type":"page","link":"https:\/\/canform.fi\/en\/kestava-kehitys\/","title":{"rendered":"Sustainable development"},"content":{"rendered":"<div data-elementor-type=\"wp-page\" data-elementor-id=\"25\" class=\"elementor elementor-25\">\n\t\t\t\t\t\t\t\t\t<section class=\"elementor-section elementor-top-section elementor-element elementor-element-128dd2d elementor-section-boxed elementor-section-height-default elementor-section-height-default\" data-id=\"128dd2d\" data-element_type=\"section\" data-settings=\"{&quot;background_background&quot;:&quot;classic&quot;}\">\n\t\t\t\t\t\t<div class=\"elementor-container elementor-column-gap-extended\">\n\t\t\t\t\t<div class=\"elementor-column elementor-col-100 elementor-top-column elementor-element elementor-element-a3b1009\" data-id=\"a3b1009\" data-element_type=\"column\">\n\t\t\t<div class=\"elementor-widget-wrap elementor-element-populated\">\n\t\t\t\t\t\t\t\t<div class=\"elementor-element elementor-element-1eb8aa0 elementor-align-center elementor-widget elementor-widget-breadcrumbs\" data-id=\"1eb8aa0\" data-element_type=\"widget\" data-widget_type=\"breadcrumbs.default\">\n\t\t\t\t<div class=\"elementor-widget-container\">\n\t\t\t<link rel=\"stylesheet\" href=\"https:\/\/canform.fi\/wp-content\/plugins\/elementor-pro\/assets\/css\/widget-theme-elements.min.css\"><div id=\"breadcrumbs\"><span><span><a href=\"https:\/\/canform.fi\/en\/\">Canform<\/a><\/span><\/span><\/div>\t\t<\/div>\n\t\t\t\t<\/div>\n\t\t\t\t\t<\/div>\n\t\t<\/div>\n\t\t\t\t\t\t\t<\/div>\n\t\t<\/section>\n\t\t\t\t<section class=\"elementor-section elementor-top-section elementor-element elementor-element-3d4380d elementor-section-boxed elementor-section-height-default elementor-section-height-default\" data-id=\"3d4380d\" data-element_type=\"section\">\n\t\t\t\t\t\t<div class=\"elementor-container elementor-column-gap-extended\">\n\t\t\t\t\t<div class=\"elementor-column elementor-col-100 elementor-top-column elementor-element elementor-element-e43b7a5\" data-id=\"e43b7a5\" data-element_type=\"column\">\n\t\t\t<div class=\"elementor-widget-wrap elementor-element-populated\">\n\t\t\t\t\t\t\t\t<div class=\"elementor-element elementor-element-fb9fdb4 elementor-widget elementor-widget-heading\" data-id=\"fb9fdb4\" data-element_type=\"widget\" data-widget_type=\"heading.default\">\n\t\t\t\t<div class=\"elementor-widget-container\">\n\t\t\t<style>\/*! elementor - v3.13.3 - 28-05-2023 *\/\n.elementor-heading-title{padding:0;margin:0;line-height:1}.elementor-widget-heading .elementor-heading-title[class*=elementor-size-]>a{color:inherit;font-size:inherit;line-height:inherit}.elementor-widget-heading .elementor-heading-title.elementor-size-small{font-size:15px}.elementor-widget-heading .elementor-heading-title.elementor-size-medium{font-size:19px}.elementor-widget-heading .elementor-heading-title.elementor-size-large{font-size:29px}.elementor-widget-heading .elementor-heading-title.elementor-size-xl{font-size:39px}.elementor-widget-heading .elementor-heading-title.elementor-size-xxl{font-size:59px}<\/style><h4 class=\"elementor-heading-title elementor-size-default\">Canform Oy is committed to complying with all its operations <b>principles of sustainable development<\/b>. We act responsibly from an environmental, human and economic perspective.<\/h4>\t\t<\/div>\n\t\t\t\t<\/div>\n\t\t\t\t\t<\/div>\n\t\t<\/div>\n\t\t\t\t\t\t\t<\/div>\n\t\t<\/section>\n\t\t\t\t<section class=\"elementor-section elementor-top-section elementor-element elementor-element-f9d0c35 elementor-section-content-middle elementor-section-boxed elementor-section-height-default elementor-section-height-default\" data-id=\"f9d0c35\" data-element_type=\"section\">\n\t\t\t\t\t\t<div class=\"elementor-container elementor-column-gap-extended\">\n\t\t\t\t\t<div class=\"elementor-column elementor-col-66 elementor-top-column elementor-element elementor-element-eee3221\" data-id=\"eee3221\" data-element_type=\"column\">\n\t\t\t<div class=\"elementor-widget-wrap elementor-element-populated\">\n\t\t\t\t\t\t\t\t<div class=\"elementor-element elementor-element-e7f5ddd elementor-widget elementor-widget-heading\" data-id=\"e7f5ddd\" data-element_type=\"widget\" data-widget_type=\"heading.default\">\n\t\t\t\t<div class=\"elementor-widget-container\">\n\t\t\t<h3 class=\"elementor-heading-title elementor-size-default\">Environmental sustainability<\/h3>\t\t<\/div>\n\t\t\t\t<\/div>\n\t\t\t\t<div class=\"elementor-element elementor-element-3fc85ce elementor-widget elementor-widget-text-editor\" data-id=\"3fc85ce\" data-element_type=\"widget\" data-widget_type=\"text-editor.default\">\n\t\t\t\t<div class=\"elementor-widget-container\">\n\t\t\t<style>\/*! elementor - v3.13.3 - 28-05-2023 *\/\n.elementor-widget-text-editor.elementor-drop-cap-view-stacked .elementor-drop-cap{background-color:#69727d;color:#fff}.elementor-widget-text-editor.elementor-drop-cap-view-framed .elementor-drop-cap{color:#69727d;border:3px solid;background-color:transparent}.elementor-widget-text-editor:not(.elementor-drop-cap-view-default) .elementor-drop-cap{margin-top:8px}.elementor-widget-text-editor:not(.elementor-drop-cap-view-default) .elementor-drop-cap-letter{width:1em;height:1em}.elementor-widget-text-editor .elementor-drop-cap{float:left;text-align:center;line-height:1;font-size:50px}.elementor-widget-text-editor .elementor-drop-cap-letter{display:inline-block}<\/style>\t\t\t\t<p>In its operations and production processes, Canform uses raw materials that are as environmentally friendly as possible and are energy efficient. The materials used are certified and the total amount of material is minimized. The resulting waste can be recycled or used for energy.<\/p><p>Our company has invested in reducing emissions from the most environmentally damaging factors, such as energy use, waste and transportation.<\/p>\t\t\t\t\t\t<\/div>\n\t\t\t\t<\/div>\n\t\t\t\t\t<\/div>\n\t\t<\/div>\n\t\t\t\t<div class=\"elementor-column elementor-col-33 elementor-top-column elementor-element elementor-element-3cd7374\" data-id=\"3cd7374\" data-element_type=\"column\">\n\t\t\t<div class=\"elementor-widget-wrap elementor-element-populated\">\n\t\t\t\t\t\t\t\t<div class=\"elementor-element elementor-element-059ce12 elementor-widget elementor-widget-image\" data-id=\"059ce12\" data-element_type=\"widget\" data-widget_type=\"image.default\">\n\t\t\t\t<div class=\"elementor-widget-container\">\n\t\t\t<style>\/*! elementor - v3.13.3 - 28-05-2023 *\/\n.elementor-widget-image{text-align:center}.elementor-widget-image a{display:inline-block}.elementor-widget-image a img[src$=\".svg\"]{width:48px}.elementor-widget-image img{vertical-align:middle;display:inline-block}<\/style>\t\t\t\t\t\t\t\t\t\t\t\t<img loading=\"lazy\" decoding=\"async\" width=\"230\" height=\"267\" src=\"https:\/\/canform.fi\/wp-content\/uploads\/2022\/04\/ek-photo.png\" class=\"attachment-full size-full wp-image-283\" alt=\"\" \/>\t\t\t\t\t\t\t\t\t\t\t\t\t\t\t<\/div>\n\t\t\t\t<\/div>\n\t\t\t\t\t<\/div>\n\t\t<\/div>\n\t\t\t\t\t\t\t<\/div>\n\t\t<\/section>\n\t\t\t\t<section class=\"elementor-section elementor-top-section elementor-element elementor-element-11d8d7e elementor-section-content-middle elementor-reverse-mobile elementor-section-boxed elementor-section-height-default elementor-section-height-default\" data-id=\"11d8d7e\" data-element_type=\"section\">\n\t\t\t\t\t\t<div class=\"elementor-container elementor-column-gap-extended\">\n\t\t\t\t\t<div class=\"elementor-column elementor-col-33 elementor-top-column elementor-element elementor-element-a5ff9e1\" data-id=\"a5ff9e1\" data-element_type=\"column\">\n\t\t\t<div class=\"elementor-widget-wrap elementor-element-populated\">\n\t\t\t\t\t\t\t\t<div class=\"elementor-element elementor-element-1334746 elementor-widget elementor-widget-image\" data-id=\"1334746\" data-element_type=\"widget\" data-widget_type=\"image.default\">\n\t\t\t\t<div class=\"elementor-widget-container\">\n\t\t\t\t\t\t\t\t\t\t\t\t\t\t\t<img loading=\"lazy\" decoding=\"async\" width=\"230\" height=\"278\" src=\"https:\/\/canform.fi\/wp-content\/uploads\/2022\/04\/sos-photo.png\" class=\"attachment-full size-full wp-image-282\" alt=\"\" \/>\t\t\t\t\t\t\t\t\t\t\t\t\t\t\t<\/div>\n\t\t\t\t<\/div>\n\t\t\t\t\t<\/div>\n\t\t<\/div>\n\t\t\t\t<div class=\"elementor-column elementor-col-66 elementor-top-column elementor-element elementor-element-0b12aed\" data-id=\"0b12aed\" data-element_type=\"column\">\n\t\t\t<div class=\"elementor-widget-wrap elementor-element-populated\">\n\t\t\t\t\t\t\t\t<div class=\"elementor-element elementor-element-f0847a0 elementor-widget elementor-widget-heading\" data-id=\"f0847a0\" data-element_type=\"widget\" data-widget_type=\"heading.default\">\n\t\t\t\t<div class=\"elementor-widget-container\">\n\t\t\t<h3 class=\"elementor-heading-title elementor-size-default\">Social sustainability<\/h3>\t\t<\/div>\n\t\t\t\t<\/div>\n\t\t\t\t<div class=\"elementor-element elementor-element-9e9f065 elementor-widget elementor-widget-text-editor\" data-id=\"9e9f065\" data-element_type=\"widget\" data-widget_type=\"text-editor.default\">\n\t\t\t\t<div class=\"elementor-widget-container\">\n\t\t\t\t\t\t\t<p>The core values of our operations are fairness and equality. We are committed to developing a safe and healthy work environment. As proof of this, the company has been able to maintain a zero accident level for years. We are still constantly working to improve the prevention of accidents at work, improve work ergonomics and build a comfortable work environment.<\/p><p>In our work community, we support the development of the individual at work and take advantage of support measures that promote work ability and health. Our goal is to develop the productivity and quality of work by promoting well-being at work.<\/p>\t\t\t\t\t\t<\/div>\n\t\t\t\t<\/div>\n\t\t\t\t\t<\/div>\n\t\t<\/div>\n\t\t\t\t\t\t\t<\/div>\n\t\t<\/section>\n\t\t\t\t<section class=\"elementor-section elementor-top-section elementor-element elementor-element-e2e1f8e elementor-section-content-middle elementor-section-boxed elementor-section-height-default elementor-section-height-default\" data-id=\"e2e1f8e\" data-element_type=\"section\">\n\t\t\t\t\t\t<div class=\"elementor-container elementor-column-gap-extended\">\n\t\t\t\t\t<div class=\"elementor-column elementor-col-66 elementor-top-column elementor-element elementor-element-592dcb5\" data-id=\"592dcb5\" data-element_type=\"column\">\n\t\t\t<div class=\"elementor-widget-wrap elementor-element-populated\">\n\t\t\t\t\t\t\t\t<div class=\"elementor-element elementor-element-c9f3bce elementor-widget elementor-widget-heading\" data-id=\"c9f3bce\" data-element_type=\"widget\" data-widget_type=\"heading.default\">\n\t\t\t\t<div class=\"elementor-widget-container\">\n\t\t\t<h3 class=\"elementor-heading-title elementor-size-default\">Financial sustainability<\/h3>\t\t<\/div>\n\t\t\t\t<\/div>\n\t\t\t\t<div class=\"elementor-element elementor-element-19207f4 elementor-widget elementor-widget-text-editor\" data-id=\"19207f4\" data-element_type=\"widget\" data-widget_type=\"text-editor.default\">\n\t\t\t\t<div class=\"elementor-widget-container\">\n\t\t\t\t\t\t\t<p>A sustainable economy creates the basis for Canform Oy's responsible business. Competitive and profitable business creates opportunities to invest in equipment and development projects that improve the production process and the quality of products and services.<\/p><p>Purchases of machinery and equipment are made on the basis of life cycle costs. Using products for a long time saves natural resources and energy. That is why we regularly maintain machines and equipment and correct minor faults immediately. Old discarded equipment will be recycled accordingly.<\/p>\t\t\t\t\t\t<\/div>\n\t\t\t\t<\/div>\n\t\t\t\t\t<\/div>\n\t\t<\/div>\n\t\t\t\t<div class=\"elementor-column elementor-col-33 elementor-top-column elementor-element elementor-element-c6ac8f3\" data-id=\"c6ac8f3\" data-element_type=\"column\">\n\t\t\t<div class=\"elementor-widget-wrap elementor-element-populated\">\n\t\t\t\t\t\t\t\t<div class=\"elementor-element elementor-element-56ff9da elementor-widget elementor-widget-image\" data-id=\"56ff9da\" data-element_type=\"widget\" data-widget_type=\"image.default\">\n\t\t\t\t<div class=\"elementor-widget-container\">\n\t\t\t\t\t\t\t\t\t\t\t\t\t\t\t<img loading=\"lazy\" decoding=\"async\" width=\"299\" height=\"338\" src=\"https:\/\/canform.fi\/wp-content\/uploads\/2022\/04\/tal-photo.png\" class=\"attachment-full size-full wp-image-281\" alt=\"\" srcset=\"https:\/\/canform.fi\/wp-content\/uploads\/2022\/04\/tal-photo.png 299w, https:\/\/canform.fi\/wp-content\/uploads\/2022\/04\/tal-photo-265x300.png 265w\" sizes=\"auto, (max-width: 299px) 100vw, 299px\" \/>\t\t\t\t\t\t\t\t\t\t\t\t\t\t\t<\/div>\n\t\t\t\t<\/div>\n\t\t\t\t\t<\/div>\n\t\t<\/div>\n\t\t\t\t\t\t\t<\/div>\n\t\t<\/section>\n\t\t\t\t\t\t\t<\/div>","protected":false},"excerpt":{"rendered":"<p>Canform Oy on sitoutunut noudattamaan kaikessa toiminnassaan kest\u00e4v\u00e4n kehityksen periaatteita. Toimimme vastuullisesti niin ymp\u00e4rist\u00f6n, ihmisen kuin talouden n\u00e4k\u00f6kulmasta. Ekologinen kest\u00e4vyys Canform k\u00e4ytt\u00e4\u00e4 toiminnassaan ja tuotantoprosesseissa raaka-aineita, jotka rasittavat ymp\u00e4rist\u00f6\u00e4 mahdollisimman v\u00e4h\u00e4n ja ovat energiatehokkaita. K\u00e4ytett\u00e4v\u00e4t materiaalit ovat sertifioituja ja materiaalin kokonaism\u00e4\u00e4r\u00e4 on minimoitu. Syntyv\u00e4 j\u00e4te voidaan kierr\u00e4tt\u00e4\u00e4 tai k\u00e4ytt\u00e4\u00e4 energiana. Yrityksess\u00e4mme on investoitu ymp\u00e4rist\u00f6\u00e4 eniten [&hellip;]<\/p>","protected":false},"author":1,"featured_media":0,"parent":0,"menu_order":0,"comment_status":"closed","ping_status":"closed","template":"elementor_header_footer","meta":{"footnotes":""},"class_list":["post-25","page","type-page","status-publish","hentry"],"yoast_head":"<!-- This site is optimized with the Yoast SEO plugin v20.8 - https:\/\/yoast.com\/wordpress\/plugins\/seo\/ -->\n<title>Kest\u00e4v\u00e4 kehitys - Canform<\/title>\n<meta name=\"robots\" content=\"index, follow, max-snippet:-1, max-image-preview:large, max-video-preview:-1\" \/>\n<link rel=\"canonical\" href=\"https:\/\/canform.fi\/en\/kestava-kehitys\/\" \/>\n<meta property=\"og:locale\" content=\"en_US\" \/>\n<meta property=\"og:type\" content=\"article\" \/>\n<meta property=\"og:title\" content=\"Kest\u00e4v\u00e4 kehitys - Canform\" \/>\n<meta property=\"og:description\" content=\"Canform Oy on sitoutunut noudattamaan kaikessa toiminnassaan kest\u00e4v\u00e4n kehityksen periaatteita. Toimimme vastuullisesti niin ymp\u00e4rist\u00f6n, ihmisen kuin talouden n\u00e4k\u00f6kulmasta. Ekologinen kest\u00e4vyys Canform k\u00e4ytt\u00e4\u00e4 toiminnassaan ja tuotantoprosesseissa raaka-aineita, jotka rasittavat ymp\u00e4rist\u00f6\u00e4 mahdollisimman v\u00e4h\u00e4n ja ovat energiatehokkaita. K\u00e4ytett\u00e4v\u00e4t materiaalit ovat sertifioituja ja materiaalin kokonaism\u00e4\u00e4r\u00e4 on minimoitu. Syntyv\u00e4 j\u00e4te voidaan kierr\u00e4tt\u00e4\u00e4 tai k\u00e4ytt\u00e4\u00e4 energiana. Yrityksess\u00e4mme on investoitu ymp\u00e4rist\u00f6\u00e4 eniten [&hellip;]\" \/>\n<meta property=\"og:url\" content=\"https:\/\/canform.fi\/en\/kestava-kehitys\/\" \/>\n<meta property=\"og:site_name\" content=\"Canform\" \/>\n<meta property=\"article:modified_time\" content=\"2022-04-21T06:15:39+00:00\" \/>\n<meta property=\"og:image\" content=\"https:\/\/canform.fi\/wp-content\/uploads\/2022\/04\/ek-photo.png\" \/>\n<meta name=\"twitter:card\" content=\"summary_large_image\" \/>\n<meta name=\"twitter:label1\" content=\"Est. reading time\" \/>\n\t<meta name=\"twitter:data1\" content=\"2 minutes\" \/>\n<script type=\"application\/ld+json\" class=\"yoast-schema-graph\">{\"@context\":\"https:\/\/schema.org\",\"@graph\":[{\"@type\":\"WebPage\",\"@id\":\"https:\/\/canform.fi\/kestava-kehitys\/\",\"url\":\"https:\/\/canform.fi\/kestava-kehitys\/\",\"name\":\"Kest\u00e4v\u00e4 kehitys - Canform\",\"isPartOf\":{\"@id\":\"https:\/\/canform.fi\/#website\"},\"datePublished\":\"2022-04-12T04:48:00+00:00\",\"dateModified\":\"2022-04-21T06:15:39+00:00\",\"breadcrumb\":{\"@id\":\"https:\/\/canform.fi\/kestava-kehitys\/#breadcrumb\"},\"inLanguage\":\"en-US\",\"potentialAction\":[{\"@type\":\"ReadAction\",\"target\":[\"https:\/\/canform.fi\/kestava-kehitys\/\"]}]},{\"@type\":\"BreadcrumbList\",\"@id\":\"https:\/\/canform.fi\/kestava-kehitys\/#breadcrumb\",\"itemListElement\":[{\"@type\":\"ListItem\",\"position\":1,\"name\":\"Canform\",\"item\":\"https:\/\/canform.fi\/\"},{\"@type\":\"ListItem\",\"position\":2,\"name\":\"Kest\u00e4v\u00e4 kehitys\"}]},{\"@type\":\"WebSite\",\"@id\":\"https:\/\/canform.fi\/#website\",\"url\":\"https:\/\/canform.fi\/\",\"name\":\"Canform\",\"description\":\"\",\"publisher\":{\"@id\":\"https:\/\/canform.fi\/#organization\"},\"potentialAction\":[{\"@type\":\"SearchAction\",\"target\":{\"@type\":\"EntryPoint\",\"urlTemplate\":\"https:\/\/canform.fi\/?s={search_term_string}\"},\"query-input\":\"required name=search_term_string\"}],\"inLanguage\":\"en-US\"},{\"@type\":\"Organization\",\"@id\":\"https:\/\/canform.fi\/#organization\",\"name\":\"Canform\",\"url\":\"https:\/\/canform.fi\/\",\"logo\":{\"@type\":\"ImageObject\",\"inLanguage\":\"en-US\",\"@id\":\"https:\/\/canform.fi\/#\/schema\/logo\/image\/\",\"url\":\"https:\/\/canform.fi\/wp-content\/uploads\/2022\/04\/logo.png\",\"contentUrl\":\"https:\/\/canform.fi\/wp-content\/uploads\/2022\/04\/logo.png\",\"width\":172,\"height\":32,\"caption\":\"Canform\"},\"image\":{\"@id\":\"https:\/\/canform.fi\/#\/schema\/logo\/image\/\"}}]}<\/script>\n<!-- \/ Yoast SEO plugin. -->","yoast_head_json":{"title":"Kest\u00e4v\u00e4 kehitys - Canform","robots":{"index":"index","follow":"follow","max-snippet":"max-snippet:-1","max-image-preview":"max-image-preview:large","max-video-preview":"max-video-preview:-1"},"canonical":"https:\/\/canform.fi\/en\/kestava-kehitys\/","og_locale":"en_US","og_type":"article","og_title":"Kest\u00e4v\u00e4 kehitys - Canform","og_description":"Canform Oy on sitoutunut noudattamaan kaikessa toiminnassaan kest\u00e4v\u00e4n kehityksen periaatteita. Toimimme vastuullisesti niin ymp\u00e4rist\u00f6n, ihmisen kuin talouden n\u00e4k\u00f6kulmasta. Ekologinen kest\u00e4vyys Canform k\u00e4ytt\u00e4\u00e4 toiminnassaan ja tuotantoprosesseissa raaka-aineita, jotka rasittavat ymp\u00e4rist\u00f6\u00e4 mahdollisimman v\u00e4h\u00e4n ja ovat energiatehokkaita. K\u00e4ytett\u00e4v\u00e4t materiaalit ovat sertifioituja ja materiaalin kokonaism\u00e4\u00e4r\u00e4 on minimoitu. Syntyv\u00e4 j\u00e4te voidaan kierr\u00e4tt\u00e4\u00e4 tai k\u00e4ytt\u00e4\u00e4 energiana. Yrityksess\u00e4mme on investoitu ymp\u00e4rist\u00f6\u00e4 eniten [&hellip;]","og_url":"https:\/\/canform.fi\/en\/kestava-kehitys\/","og_site_name":"Canform","article_modified_time":"2022-04-21T06:15:39+00:00","og_image":[{"url":"https:\/\/canform.fi\/wp-content\/uploads\/2022\/04\/ek-photo.png"}],"twitter_card":"summary_large_image","twitter_misc":{"Est. reading time":"2 minutes"},"schema":{"@context":"https:\/\/schema.org","@graph":[{"@type":"WebPage","@id":"https:\/\/canform.fi\/kestava-kehitys\/","url":"https:\/\/canform.fi\/kestava-kehitys\/","name":"Kest\u00e4v\u00e4 kehitys - Canform","isPartOf":{"@id":"https:\/\/canform.fi\/#website"},"datePublished":"2022-04-12T04:48:00+00:00","dateModified":"2022-04-21T06:15:39+00:00","breadcrumb":{"@id":"https:\/\/canform.fi\/kestava-kehitys\/#breadcrumb"},"inLanguage":"en-US","potentialAction":[{"@type":"ReadAction","target":["https:\/\/canform.fi\/kestava-kehitys\/"]}]},{"@type":"BreadcrumbList","@id":"https:\/\/canform.fi\/kestava-kehitys\/#breadcrumb","itemListElement":[{"@type":"ListItem","position":1,"name":"Canform","item":"https:\/\/canform.fi\/"},{"@type":"ListItem","position":2,"name":"Kest\u00e4v\u00e4 kehitys"}]},{"@type":"WebSite","@id":"https:\/\/canform.fi\/#website","url":"https:\/\/canform.fi\/","name":"Canform","description":"","publisher":{"@id":"https:\/\/canform.fi\/#organization"},"potentialAction":[{"@type":"SearchAction","target":{"@type":"EntryPoint","urlTemplate":"https:\/\/canform.fi\/?s={search_term_string}"},"query-input":"required name=search_term_string"}],"inLanguage":"en-US"},{"@type":"Organization","@id":"https:\/\/canform.fi\/#organization","name":"Canform","url":"https:\/\/canform.fi\/","logo":{"@type":"ImageObject","inLanguage":"en-US","@id":"https:\/\/canform.fi\/#\/schema\/logo\/image\/","url":"https:\/\/canform.fi\/wp-content\/uploads\/2022\/04\/logo.png","contentUrl":"https:\/\/canform.fi\/wp-content\/uploads\/2022\/04\/logo.png","width":172,"height":32,"caption":"Canform"},"image":{"@id":"https:\/\/canform.fi\/#\/schema\/logo\/image\/"}}]}},"_links":{"self":[{"href":"https:\/\/canform.fi\/en\/wp-json\/wp\/v2\/pages\/25","targetHints":{"allow":["GET"]}}],"collection":[{"href":"https:\/\/canform.fi\/en\/wp-json\/wp\/v2\/pages"}],"about":[{"href":"https:\/\/canform.fi\/en\/wp-json\/wp\/v2\/types\/page"}],"author":[{"embeddable":true,"href":"https:\/\/canform.fi\/en\/wp-json\/wp\/v2\/users\/1"}],"replies":[{"embeddable":true,"href":"https:\/\/canform.fi\/en\/wp-json\/wp\/v2\/comments?post=25"}],"version-history":[{"count":28,"href":"https:\/\/canform.fi\/en\/wp-json\/wp\/v2\/pages\/25\/revisions"}],"predecessor-version":[{"id":289,"href":"https:\/\/canform.fi\/en\/wp-json\/wp\/v2\/pages\/25\/revisions\/289"}],"wp:attachment":[{"href":"https:\/\/canform.fi\/en\/wp-json\/wp\/v2\/media?parent=25"}],"curies":[{"name":"wp","href":"https:\/\/api.w.org\/{rel}","templated":true}]}}